{"id":29129,"date":"2021-09-29T18:48:03","date_gmt":"2021-09-29T15:48:03","guid":{"rendered":"http:\/\/takacskatokata.ro\/home\/"},"modified":"2026-01-03T13:46:55","modified_gmt":"2026-01-03T11:46:55","slug":"home","status":"publish","type":"page","link":"https:\/\/takacskatokata.ro\/ro\/","title":{"rendered":"Home"},"content":{"rendered":"<p>[et_pb_section fb_built=&#8221;1&#8243; _builder_version=&#8221;4.16&#8243; _module_preset=&#8221;default&#8221; background_enable_color=&#8221;off&#8221; background_image=&#8221;https:\/\/takacskatokata.ro\/wp-content\/uploads\/2021\/03\/takacs-kato-kata-ugyved-sepsiszentgyorgy-kovaszna.jpg&#8221; parallax=&#8221;on&#8221; width=&#8221;100%&#8221; max_width=&#8221;100%&#8221; height=&#8221;100vh&#8221; height_tablet=&#8221;100vh&#8221; height_phone=&#8221;100vh&#8221; height_last_edited=&#8221;off|desktop&#8221; custom_margin=&#8221;0px|0px|0px|0px|true|true&#8221; custom_padding=&#8221;0px|0px|0px|0px|true|true&#8221; background_last_edited=&#8221;on|phone&#8221; background_image_tablet=&#8221;http:\/\/takacskatokata.ro\/wp-content\/uploads\/2019\/01\/takacs_kato_kata_400.jpg&#8221; background_enable_image_tablet=&#8221;on&#8221; background_size_tablet=&#8221;cover&#8221; background_size_phone=&#8221;cover&#8221; background_position_tablet=&#8221;top_center&#8221; background_position_phone=&#8221;top_center&#8221; global_colors_info=&#8221;{}&#8221; custom_css_main_element_last_edited=&#8221;off|desktop&#8221;][et_pb_row column_structure=&#8221;1_2,1_2&#8243; _builder_version=&#8221;4.16&#8243; _module_preset=&#8221;default&#8221; positioning=&#8221;absolute&#8221; position_origin_a=&#8221;center_center&#8221; position_origin_a_tablet=&#8221;bottom_center&#8221; position_origin_a_phone=&#8221;bottom_center&#8221; position_origin_a_last_edited=&#8221;on|tablet&#8221; position_origin_f_tablet=&#8221;&#8221; position_origin_f_phone=&#8221;&#8221; position_origin_f_last_edited=&#8221;on|desktop&#8221; position_origin_r_tablet=&#8221;&#8221; position_origin_r_phone=&#8221;bottom_left&#8221; position_origin_r_last_edited=&#8221;on|desktop&#8221; width=&#8221;90%&#8221; width_tablet=&#8221;&#8221; width_phone=&#8221;100%&#8221; width_last_edited=&#8221;on|phone&#8221; max_width=&#8221;90%&#8221; positioning_tablet=&#8221;&#8221; positioning_phone=&#8221;absolute&#8221; positioning_last_edited=&#8221;on|phone&#8221; global_colors_info=&#8221;{}&#8221;][et_pb_column type=&#8221;1_2&#8243; _builder_version=&#8221;4.16&#8243; _module_preset=&#8221;default&#8221; global_colors_info=&#8221;{}&#8221;][\/et_pb_column][et_pb_column type=&#8221;1_2&#8243; _builder_version=&#8221;4.16&#8243; _module_preset=&#8221;default&#8221; global_colors_info=&#8221;{}&#8221;][et_pb_text _builder_version=&#8221;4.16&#8243; _module_preset=&#8221;default&#8221; text_text_color=&#8221;#CAA764&#8243; header_font=&#8221;Oswald|700||on|||||&#8221; header_text_align=&#8221;center&#8221; header_text_color=&#8221;#CAA764&#8243; header_font_size=&#8221;40px&#8221; header_letter_spacing=&#8221;3px&#8221; header_3_font=&#8221;Oswald|700||on|||||&#8221; header_3_text_align=&#8221;center&#8221; header_3_text_color=&#8221;#CAA764&#8243; header_3_font_size=&#8221;40px&#8221; header_3_letter_spacing=&#8221;3px&#8221; text_orientation=&#8221;center&#8221; custom_margin=&#8221;2vh||2vh||true|false&#8221; custom_padding=&#8221;0px||0px||true|false&#8221; header_font_size_tablet=&#8221;35px&#8221; header_font_size_phone=&#8221;30px&#8221; header_font_size_last_edited=&#8221;on|desktop&#8221; header_3_font_size_tablet=&#8221;35px&#8221; header_3_font_size_phone=&#8221;30px&#8221; header_3_font_size_last_edited=&#8221;on|desktop&#8221; global_colors_info=&#8221;{}&#8221;]<\/p>\n<h3>Tak\u00e1cs Kat\u00f3 Kata<\/h3>\n<p>[\/et_pb_text][et_pb_text _builder_version=&#8221;4.16&#8243; _module_preset=&#8221;default&#8221; text_font=&#8221;Oswald|700||on|||||&#8221; text_text_color=&#8221;#CAA764&#8243; text_font_size=&#8221;30px&#8221; text_letter_spacing=&#8221;3px&#8221; header_font=&#8221;Oswald|700||on|||||&#8221; header_text_align=&#8221;center&#8221; header_text_color=&#8221;#CAA764&#8243; header_line_height=&#8221;1.2em&#8221; text_orientation=&#8221;center&#8221; custom_margin=&#8221;0px||0px||true|false&#8221; custom_padding=&#8221;0px||0px||true|false&#8221; text_font_size_tablet=&#8221;25px&#8221; text_font_size_phone=&#8221;20px&#8221; text_font_size_last_edited=&#8221;on|desktop&#8221; header_font_size_tablet=&#8221;&#8221; header_font_size_phone=&#8221;25px&#8221; header_font_size_last_edited=&#8221;on|phone&#8221; global_colors_info=&#8221;{}&#8221;]<\/p>\n<h1>avocat Sf\u00e2ntu Gheorghe<\/h1>\n<p>[\/et_pb_text][et_pb_button button_url=&#8221;#contact&#8221; button_text=&#8221;Doresc programare&#8221; button_alignment=&#8221;center&#8221; _builder_version=&#8221;4.16&#8243; _module_preset=&#8221;default&#8221; custom_button=&#8221;on&#8221; button_text_color=&#8221;#0F1D20&#8243; button_bg_color=&#8221;#FFFFFF&#8221; button_use_icon=&#8221;off&#8221; global_colors_info=&#8221;{}&#8221;][\/et_pb_button][\/et_pb_column][\/et_pb_row][\/et_pb_section][et_pb_section fb_built=&#8221;1&#8243; admin_label=&#8221;Rolam&#8221; module_id=&#8221;despre-mine&#8221; _builder_version=&#8221;4.16&#8243; collapsed=&#8221;off&#8221; global_colors_info=&#8221;{}&#8221;][et_pb_row _builder_version=&#8221;4.16&#8243; global_colors_info=&#8221;{}&#8221;][et_pb_column type=&#8221;4_4&#8243; _builder_version=&#8221;4.16&#8243; custom_padding=&#8221;|||&#8221; global_colors_info=&#8221;{}&#8221; custom_padding__hover=&#8221;|||&#8221;][et_pb_text _builder_version=&#8221;4.16&#8243; _module_preset=&#8221;79c056a8-effb-4a25-acd6-7506352cb73d&#8221; global_colors_info=&#8221;{}&#8221;]<\/p>\n<p style=\"text-align: center;\">Despre mine<\/p>\n<p>[\/et_pb_text][\/et_pb_column][\/et_pb_row][et_pb_row column_structure=&#8221;1_2,1_2&#8243; use_custom_gutter=&#8221;on&#8221; gutter_width=&#8221;2&#8243; make_equal=&#8221;on&#8221; _builder_version=&#8221;4.16&#8243; width=&#8221;90%&#8221; max_width=&#8221;90%&#8221; module_alignment=&#8221;center&#8221; custom_padding=&#8221;16px|0px|27px|0px|false|false&#8221; global_colors_info=&#8221;{}&#8221;][et_pb_column type=&#8221;1_2&#8243; module_class=&#8221;vertical-align&#8221; _builder_version=&#8221;4.16&#8243; custom_padding=&#8221;|||&#8221; global_colors_info=&#8221;{}&#8221; custom_padding__hover=&#8221;|||&#8221;][et_pb_image src=&#8221;http:\/\/takacskatokata.ro\/wp-content\/uploads\/2019\/03\/takacs_kato_kata_ugyved.jpg&#8221; alt=&#8221;avocat sfantu gheorghe&#8221; title_text=&#8221;avocat sfantu gheorghe&#8221; align=&#8221;center&#8221; align_tablet=&#8221;center&#8221; align_phone=&#8221;&#8221; align_last_edited=&#8221;on|desktop&#8221; _builder_version=&#8221;4.16&#8243; global_colors_info=&#8221;{}&#8221;][\/et_pb_image][\/et_pb_column][et_pb_column type=&#8221;1_2&#8243; module_class=&#8221;vertical-align&#8221; _builder_version=&#8221;4.16&#8243; custom_padding=&#8221;|||&#8221; global_colors_info=&#8221;{}&#8221; custom_padding__hover=&#8221;|||&#8221;][et_pb_text _builder_version=&#8221;4.27.5&#8243; text_font_size=&#8221;15px&#8221; hover_enabled=&#8221;0&#8243; global_colors_info=&#8221;{}&#8221; sticky_enabled=&#8221;0&#8243;]<\/p>\n<p>\u00cenc\u0103 din anii de liceu, la Liceul Teoretic \u201eMikes Kelemen\u201d din Sf\u00e2ntu Gheorghe, am \u0219tiut c\u0103 vreau s\u0103 studiez dreptul \u0219i s\u0103 devin avocat. Sunt o persoan\u0103 care apreciaz\u0103 provoc\u0103rile, iar profesia de avocat m-a atras tocmai prin diversitatea \u0219i complexitatea sa \u2013 o profesie \u00een care nu exist\u0103 dou\u0103 zile la fel.<\/p>\n<p>Mi-am dorit s\u0103 pot oferi sprijin calificat \u00een situa\u021bii de via\u021b\u0103 \u00een care este necesar\u0103 expertiza juridic\u0103, fie c\u0103 vorbim despre cauze personale, familiale sau patrimoniale, probleme de drept comercial, litigii ori redactarea de documente legale. Din dorin\u021ba de a studia \u00eentr-un mediu academic de prestigiu, am ales Facultatea de Drept a Universit\u0103\u021bii Babe\u0219-Bolyai din Cluj-Napoca, unde am absolvit at\u00e2t studiile de licen\u021b\u0103, c\u00e2t \u0219i programul de master \u00een drept privat comunitar.<\/p>\n<p>\u00cen anul 2013 am \u00eenceput activitatea profesional\u0103 ca avocat \u00een Deva, \u00eentr-o societate de avocatur\u0103 unde, al\u0103turi de colegi cu experien\u021b\u0103, am dob\u00e2ndit o baz\u0103 solid\u0103 de cuno\u0219tin\u021be practice \u0219i profesionale. \u00cen 2015 am fondat \u201eBiroul Individual de Avocatur\u0103 Tak\u00e1cs Kat\u00f3 Kata\u201d, iar ulterior am decis s\u0103 revin \u00een ora\u0219ul meu natal, Sf\u00e2ntu Gheorghe, pentru a-mi continua aici activitatea profesional\u0103.<\/p>\n<p>\u00cen prezent sunt vicepre\u0219edintele Asocia\u021biei Drepturile Noastre din Cluj-Napoca. Al\u0103turi de colegii mei avoca\u021bi, organiz\u0103m un forum juridic online \u0219i un serviciu gratuit de asisten\u021b\u0103 juridic\u0103, sus\u021binem prelegeri \u0219i realiz\u0103m publica\u021bii juridice destinate publicului larg.<\/p>\n<p>\u00cemi iubesc profesia \u0219i cred cu t\u0103rie c\u0103, prin munca mea, pot contribui la transformarea Transilvaniei \u00eentr-un loc mai bun. \u00cemi face o deosebit\u0103 pl\u0103cere s\u0103 lucrez cu tineri antreprenori \u0219i s\u0103 particip, al\u0103turi de ei, la construirea \u0219i dezvoltarea proiectelor lor.<\/p>\n<p>[\/et_pb_text][\/et_pb_column][\/et_pb_row][\/et_pb_section][et_pb_section fb_built=&#8221;1&#8243; admin_label=&#8221;domenii-expertiza&#8221; module_id=&#8221;domenii-expertiza&#8221; _builder_version=&#8221;4.16&#8243; background_color=&#8221;#111c2e&#8221; background_image=&#8221;http:\/\/takacskatokata.ro\/wp-content\/uploads\/2019\/03\/tkk_background.jpg&#8221; custom_margin=&#8221;||&#8221; custom_padding=&#8221;110px||110px|&#8221; top_divider_height=&#8221;180px&#8221; top_divider_flip=&#8221;horizontal&#8221; bottom_divider_height=&#8221;180px&#8221; bottom_divider_flip=&#8221;horizontal&#8221; collapsed=&#8221;on&#8221; global_colors_info=&#8221;{}&#8221;][et_pb_row admin_label=&#8221;Service Area&#8221; _builder_version=&#8221;4.16&#8243; background_color=&#8221;rgba(17,28,46,0.8)&#8221; width=&#8221;90%&#8221; max_width=&#8221;90%&#8221; module_alignment=&#8221;center&#8221; global_colors_info=&#8221;{}&#8221;][et_pb_column type=&#8221;4_4&#8243; _builder_version=&#8221;4.16&#8243; custom_padding=&#8221;|||&#8221; global_colors_info=&#8221;{}&#8221; custom_padding__hover=&#8221;|||&#8221;][et_pb_text admin_label=&#8221;Title&#8221; _builder_version=&#8221;4.16&#8243; _module_preset=&#8221;79c056a8-effb-4a25-acd6-7506352cb73d&#8221; text_text_color=&#8221;#CAA764&#8243; header_font=&#8221;Oswald|600||on|||||&#8221; header_text_color=&#8221;#c9a664&#8243; header_letter_spacing=&#8221;2px&#8221; header_2_font=&#8221;Prata||||||||&#8221; header_2_text_align=&#8221;center&#8221; header_2_font_size=&#8221;48px&#8221; header_2_line_height=&#8221;1.6em&#8221; module_alignment=&#8221;center&#8221; custom_margin=&#8221;||10px|&#8221; custom_padding=&#8221;|||&#8221; header_font_size_tablet=&#8221;&#8221; header_font_size_phone=&#8221;&#8221; header_font_size_last_edited=&#8221;on|phone&#8221; header_2_font_size_tablet=&#8221;40px&#8221; header_2_font_size_phone=&#8221;&#8221; header_2_font_size_last_edited=&#8221;on|tablet&#8221; global_colors_info=&#8221;{}&#8221;]<\/p>\n<p style=\"text-align: center;\">domenii de expertiz\u0103<\/p>\n<p>[\/et_pb_text][\/et_pb_column][\/et_pb_row][et_pb_row column_structure=&#8221;1_3,1_3,1_3&#8243; make_equal=&#8221;on&#8221; admin_label=&#8221;Service Area&#8221; _builder_version=&#8221;4.16&#8243; background_color=&#8221;rgba(17,28,46,0.8)&#8221; width=&#8221;90%&#8221; max_width=&#8221;90%&#8221; module_alignment=&#8221;center&#8221; global_colors_info=&#8221;{}&#8221;][et_pb_column type=&#8221;1_3&#8243; _builder_version=&#8221;4.16&#8243; custom_padding=&#8221;|||&#8221; custom_css_main_element=&#8221;margin: auto;&#8221; global_colors_info=&#8221;{}&#8221; custom_padding__hover=&#8221;|||&#8221;][et_pb_blurb title=&#8221;DREPTURILE ASOCIA\u021aIILOR \u0218I FUNDA\u021aIILOR&#8221; use_icon=&#8221;on&#8221; font_icon=&#8221;&#xe08b;||divi||400&#8243; icon_color=&#8221;#ffba60&#8243; image_icon_width=&#8221;42px&#8221; content_max_width=&#8221;300px&#8221; _builder_version=&#8221;4.16&#8243; header_font=&#8221;Roboto Slab||||||||&#8221; header_text_color=&#8221;#ffffff&#8221; header_font_size=&#8221;20px&#8221; header_letter_spacing=&#8221;2px&#8221; header_line_height=&#8221;1.4em&#8221; body_font=&#8221;||||||||&#8221; body_text_color=&#8221;#ffffff&#8221; body_font_size=&#8221;16px&#8221; body_line_height=&#8221;2em&#8221; text_orientation=&#8221;center&#8221; icon_font_size=&#8221;42px&#8221; global_colors_info=&#8221;{}&#8221;][\/et_pb_blurb][et_pb_blurb title=&#8221;PROCEDURI \u00ceMPOTRIVA INSTITU\u021aIILOR PUBLICE&#8221; use_icon=&#8221;on&#8221; font_icon=&#8221;&#xe009;||divi||400&#8243; icon_color=&#8221;#ffba60&#8243; image_icon_width=&#8221;42px&#8221; content_max_width=&#8221;300px&#8221; _builder_version=&#8221;4.16&#8243; header_font=&#8221;Roboto Slab||||||||&#8221; header_text_color=&#8221;#ffffff&#8221; header_font_size=&#8221;20px&#8221; header_letter_spacing=&#8221;2px&#8221; header_line_height=&#8221;1.4em&#8221; body_font=&#8221;||||||||&#8221; body_text_color=&#8221;#ffffff&#8221; body_font_size=&#8221;16px&#8221; body_line_height=&#8221;2em&#8221; text_orientation=&#8221;center&#8221; icon_font_size=&#8221;42px&#8221; global_colors_info=&#8221;{}&#8221;][\/et_pb_blurb][\/et_pb_column][et_pb_column type=&#8221;1_3&#8243; _builder_version=&#8221;4.16&#8243; custom_padding=&#8221;|||&#8221; custom_css_main_element=&#8221;margin: auto;&#8221; global_colors_info=&#8221;{}&#8221; custom_padding__hover=&#8221;|||&#8221;][et_pb_blurb title=&#8221;LEGEA SOCIET\u0102\u021aILOR COMERCIALE&#8221; use_icon=&#8221;on&#8221; font_icon=&#8221;&#xe0f4;||divi||400&#8243; icon_color=&#8221;#ffba60&#8243; image_icon_width=&#8221;42px&#8221; content_max_width=&#8221;300px&#8221; _builder_version=&#8221;4.16&#8243; header_font=&#8221;Roboto Slab||||||||&#8221; header_text_color=&#8221;#ffffff&#8221; header_font_size=&#8221;20px&#8221; header_letter_spacing=&#8221;2px&#8221; header_line_height=&#8221;1.4em&#8221; body_font=&#8221;||||||||&#8221; body_text_color=&#8221;#ffffff&#8221; body_font_size=&#8221;16px&#8221; body_line_height=&#8221;2em&#8221; text_orientation=&#8221;center&#8221; icon_font_size=&#8221;42px&#8221; locked=&#8221;off&#8221; global_colors_info=&#8221;{}&#8221;][\/et_pb_blurb][et_pb_blurb title=&#8221;EDITAREA DOCUMENTELOR JURIDICE&#8221; use_icon=&#8221;on&#8221; font_icon=&#8221;&#x69;||divi||400&#8243; icon_color=&#8221;#ffba60&#8243; image_icon_width=&#8221;42px&#8221; content_max_width=&#8221;300px&#8221; _builder_version=&#8221;4.16&#8243; header_font=&#8221;Roboto Slab||||||||&#8221; header_text_color=&#8221;#ffffff&#8221; header_font_size=&#8221;20px&#8221; header_letter_spacing=&#8221;2px&#8221; header_line_height=&#8221;1.4em&#8221; body_font=&#8221;||||||||&#8221; body_text_color=&#8221;#ffffff&#8221; body_font_size=&#8221;16px&#8221; body_line_height=&#8221;2em&#8221; text_orientation=&#8221;center&#8221; icon_font_size=&#8221;42px&#8221; locked=&#8221;off&#8221; global_colors_info=&#8221;{}&#8221;][\/et_pb_blurb][\/et_pb_column][et_pb_column type=&#8221;1_3&#8243; _builder_version=&#8221;4.16&#8243; custom_padding=&#8221;|||&#8221; custom_css_main_element=&#8221;margin: auto;&#8221; global_colors_info=&#8221;{}&#8221; custom_padding__hover=&#8221;|||&#8221;][et_pb_blurb title=&#8221;PROCEDURI JURIDICE CIVILE&#8221; use_icon=&#8221;on&#8221; font_icon=&#8221;&#xe0ff;||divi||400&#8243; icon_color=&#8221;#ffba60&#8243; image_icon_width=&#8221;50px&#8221; content_max_width=&#8221;300px&#8221; _builder_version=&#8221;4.16&#8243; header_font=&#8221;Roboto Slab||||||||&#8221; header_text_color=&#8221;#ffffff&#8221; header_font_size=&#8221;20px&#8221; header_letter_spacing=&#8221;2px&#8221; header_line_height=&#8221;1.4em&#8221; body_font=&#8221;||||||||&#8221; body_text_color=&#8221;#ffffff&#8221; body_font_size=&#8221;16px&#8221; body_line_height=&#8221;2em&#8221; text_orientation=&#8221;center&#8221; icon_font_size=&#8221;50px&#8221; locked=&#8221;off&#8221; global_colors_info=&#8221;{}&#8221;][\/et_pb_blurb][et_pb_blurb title=&#8221;PROTEC\u021aIA DATELOR&#8221; use_icon=&#8221;on&#8221; font_icon=&#8221;&#x7e;||divi||400&#8243; icon_color=&#8221;#ffba60&#8243; image_icon_width=&#8221;42px&#8221; content_max_width=&#8221;300px&#8221; _builder_version=&#8221;4.16&#8243; header_font=&#8221;Roboto Slab||||||||&#8221; header_text_color=&#8221;#ffffff&#8221; header_font_size=&#8221;20px&#8221; header_letter_spacing=&#8221;2px&#8221; header_line_height=&#8221;1.4em&#8221; body_font=&#8221;||||||||&#8221; body_text_color=&#8221;#ffffff&#8221; body_font_size=&#8221;16px&#8221; body_line_height=&#8221;2em&#8221; text_orientation=&#8221;center&#8221; icon_font_size=&#8221;42px&#8221; locked=&#8221;off&#8221; global_colors_info=&#8221;{}&#8221;][\/et_pb_blurb][\/et_pb_column][\/et_pb_row][\/et_pb_section][et_pb_section fb_built=&#8221;1&#8243; admin_label=&#8221;T\u00e9rk\u00e9p&#8221; _builder_version=&#8221;4.16&#8243; background_color=&#8221;#FFFFFF&#8221; collapsed=&#8221;off&#8221; global_colors_info=&#8221;{}&#8221;][et_pb_row _builder_version=&#8221;4.16&#8243; width=&#8221;90%&#8221; width_tablet=&#8221;100%&#8221; width_phone=&#8221;&#8221; width_last_edited=&#8221;on|phone&#8221; max_width=&#8221;100%&#8221; global_colors_info=&#8221;{}&#8221;][et_pb_column type=&#8221;4_4&#8243; _builder_version=&#8221;4.16&#8243; custom_padding=&#8221;|||&#8221; global_colors_info=&#8221;{}&#8221; custom_padding__hover=&#8221;|||&#8221;][et_pb_text _builder_version=&#8221;4.16&#8243; _module_preset=&#8221;79c056a8-effb-4a25-acd6-7506352cb73d&#8221; header_text_color=&#8221;#000000&#8243; header_letter_spacing=&#8221;3px&#8221; header_2_font=&#8221;Oswald|||on|||||&#8221; header_2_text_align=&#8221;center&#8221; header_2_font_size=&#8221;40px&#8221; header_2_font_size_tablet=&#8221;35px&#8221; header_2_font_size_phone=&#8221;25px&#8221; header_2_font_size_last_edited=&#8221;on|desktop&#8221; global_colors_info=&#8221;{}&#8221;]<\/p>\n<h2 style=\"text-align: center;\">Sediu avocat sf\u00e2ntu gheorghe<\/h2>\n<p>[\/et_pb_text][dsm_embed_google_map address=&#8221;Takacs Kat\u00f3 Kata, Sfantu Gheorghe&#8221; zoom=&#8221;15&#8243; _builder_version=&#8221;4.10.8&#8243; _module_preset=&#8221;default&#8221; global_colors_info=&#8221;{}&#8221;][\/dsm_embed_google_map][\/et_pb_column][\/et_pb_row][\/et_pb_section]<\/p>\n","protected":false},"excerpt":{"rendered":"<p>Tak\u00e1cs Kat\u00f3 Kataavocat Sf\u00e2ntu GheorgheDespre mine\u00cenc\u0103 din anii de liceu, la Liceul Teoretic \u201eMikes Kelemen\u201d din Sf\u00e2ntu Gheorghe, am \u0219tiut c\u0103 vreau s\u0103 studiez dreptul \u0219i s\u0103 devin avocat. Sunt o persoan\u0103 care apreciaz\u0103 provoc\u0103rile, iar profesia de avocat m-a atras tocmai prin diversitatea \u0219i complexitatea sa \u2013 o profesie \u00een care nu exist\u0103 dou\u0103 zile la fel. Mi-am dorit s\u0103 pot oferi sprijin calificat \u00een situa\u021bii de via\u021b\u0103 \u00een care este necesar\u0103 expertiza juridic\u0103, fie c\u0103 vorbim despre cauze personale, familiale sau patrimoniale, probleme de drept comercial, litigii ori redactarea de documente legale. Din dorin\u021ba de a studia \u00eentr-un mediu academic de prestigiu, am ales Facultatea de Drept a Universit\u0103\u021bii Babe\u0219-Bolyai din Cluj-Napoca, unde am absolvit at\u00e2t studiile de licen\u021b\u0103, c\u00e2t \u0219i programul de master \u00een drept privat comunitar. \u00cen anul 2013 am \u00eenceput activitatea profesional\u0103 ca avocat \u00een Deva, \u00eentr-o societate de avocatur\u0103 unde, al\u0103turi de colegi cu experien\u021b\u0103, am dob\u00e2ndit o baz\u0103 solid\u0103 de cuno\u0219tin\u021be practice \u0219i profesionale. \u00cen 2015 am fondat \u201eBiroul Individual de Avocatur\u0103 Tak\u00e1cs Kat\u00f3 Kata\u201d, iar ulterior am decis s\u0103 revin \u00een ora\u0219ul meu natal, Sf\u00e2ntu Gheorghe, pentru a-mi continua aici activitatea profesional\u0103. \u00cen prezent sunt vicepre\u0219edintele Asocia\u021biei Drepturile Noastre din Cluj-Napoca. Al\u0103turi [&hellip;]<\/p>\n","protected":false},"author":1,"featured_media":0,"parent":0,"menu_order":0,"comment_status":"closed","ping_status":"closed","template":"","meta":{"_et_pb_use_builder":"on","_et_pb_old_content":"","_et_gb_content_width":"","footnotes":""},"class_list":["post-29129","page","type-page","status-publish","hentry"],"_links":{"self":[{"href":"https:\/\/takacskatokata.ro\/ro\/wp-json\/wp\/v2\/pages\/29129","targetHints":{"allow":["GET"]}}],"collection":[{"href":"https:\/\/takacskatokata.ro\/ro\/wp-json\/wp\/v2\/pages"}],"about":[{"href":"https:\/\/takacskatokata.ro\/ro\/wp-json\/wp\/v2\/types\/page"}],"author":[{"embeddable":true,"href":"https:\/\/takacskatokata.ro\/ro\/wp-json\/wp\/v2\/users\/1"}],"replies":[{"embeddable":true,"href":"https:\/\/takacskatokata.ro\/ro\/wp-json\/wp\/v2\/comments?post=29129"}],"version-history":[{"count":2,"href":"https:\/\/takacskatokata.ro\/ro\/wp-json\/wp\/v2\/pages\/29129\/revisions"}],"predecessor-version":[{"id":29732,"href":"https:\/\/takacskatokata.ro\/ro\/wp-json\/wp\/v2\/pages\/29129\/revisions\/29732"}],"wp:attachment":[{"href":"https:\/\/takacskatokata.ro\/ro\/wp-json\/wp\/v2\/media?parent=29129"}],"curies":[{"name":"wp","href":"https:\/\/api.w.org\/{rel}","templated":true}]}}